{"id":265,"date":"2019-11-09T18:11:16","date_gmt":"2019-11-09T17:11:16","guid":{"rendered":"http:\/\/www.choralesimagine.be\/?page_id=265"},"modified":"2025-12-07T15:57:24","modified_gmt":"2025-12-07T14:57:24","slug":"stephanie_guilmin","status":"publish","type":"page","link":"https:\/\/www.choralesimagine.be\/index.php\/stephanie_guilmin\/","title":{"rendered":"St\u00e9phanie Guilmin"},"content":{"rendered":"<p>&nbsp;<\/p>\n<figure id=\"attachment_341\" aria-describedby=\"caption-attachment-341\" style=\"width: 400px\" class=\"wp-caption alignleft\"><img loading=\"lazy\" decoding=\"async\" class=\"wp-image-341\" src=\"http:\/\/www.choralesimagine.be\/wp-content\/uploads\/2024\/01\/Stephanie-Guilmin-300x195.jpg\" alt=\"\" width=\"400\" height=\"260\" srcset=\"https:\/\/www.choralesimagine.be\/wp-content\/uploads\/2024\/01\/Stephanie-Guilmin-300x195.jpg 300w, https:\/\/www.choralesimagine.be\/wp-content\/uploads\/2024\/01\/Stephanie-Guilmin-768x500.jpg 768w, https:\/\/www.choralesimagine.be\/wp-content\/uploads\/2024\/01\/Stephanie-Guilmin.jpg 770w\" sizes=\"auto, (max-width: 400px) 100vw, 400px\" \/><figcaption id=\"caption-attachment-341\" class=\"wp-caption-text\">St\u00e9phanie Guilmin<\/figcaption><\/figure>\n<p class=\"p1\"><span class=\"s1\">St\u00e9phanie Guilmin dirige la chorale Imagine depuis 2022.<\/span><\/p>\n<p><span class=\"s1\">Elle est<span class=\"Apple-converted-space\">\u00a0 <\/span>professeur de formation musicale et d&rsquo;initiation musicale \u00e0 l&rsquo;acad\u00e9mie de musique\u00a0 de Farciennes.<br \/>\n<\/span><\/p>\n<p><span class=\"s1\">Elle a fait ses \u00e9tudes au Conservatoire Royal de Musique \u00e0 Bruxelles et \u00e0 L&rsquo;IMEP \u00e0 Namur o\u00f9 elle a obtenu entre autres un dipl\u00f4me sup\u00e9rieur en sp\u00e9cialisation solf\u00e8ge et des agr\u00e9gations \u00e0 l&rsquo;enseignement en formation musicale et en \u00e9ducation musicale.<\/span><\/p>\n<p>Elle anime r\u00e9guli\u00e8rement des ateliers musicaux pour les b\u00e9b\u00e9s au Centre culturel d&rsquo; Aiseau-Presles, \u00e0 la Maison de l&rsquo; Enfance \u00a0\u00bb les Tarpans\u00a0\u00bb \u00e0 Gembloux\u00a0 et \u00e0 la cr\u00e8che \u00ab\u00a0le petit prince \u00a0\u00bb \u00e0 Lonz\u00e9e.<\/p>\n<p>Elle a suivi la formation en psychophonie et en chant pr\u00e9natal avec Chantal Verdi\u00e8re en 2013-2014 et anime r\u00e9guli\u00e8rement \u00a0des groupes de chant pr\u00e9natal \u00e0 Gembloux, Presles et Biesme.<\/p>\n<p>Elle est<span class=\"Apple-converted-space\">\u00a0 <\/span>reconnue \u00ab\u00a0op\u00e9rateur culturel \u00a0\u00bb par la f\u00e9d\u00e9ration Wallonie-Bruxelles.<\/p>\n<p>Depuis 2004, elle anime des ateliers pour les b\u00e9b\u00e9s.<\/p>\n<p>Choriste pendant plus de 20 ans, elle a suivi les formations \u00e0 la f\u00e9d\u00e9ration\u00a0 \u00ab\u00a0A Coeur Joie\u00a0\u00bb o\u00f9 elle y anime r\u00e9guli\u00e8rement des \u00ab\u00a0Journ\u00e9es Chantantes \u00a0\u00bb en tant que cheffe de choeur.<\/p>\n<p class=\"p1\"><span class=\"s1\">Elle <\/span><span class=\"s2\"> pratique r\u00e9guli\u00e8rement le yoga, la natation, et est adepte de la cuisine saine et de la bonne humeur !<br \/>\n<\/span><\/p>\n","protected":false},"excerpt":{"rendered":"<p>&nbsp; St\u00e9phanie Guilmin dirige la chorale Imagine depuis 2022. Elle est\u00a0 professeur de formation musicale et d&rsquo;initiation musicale \u00e0 l&rsquo;acad\u00e9mie de musique\u00a0 de Farciennes. Elle a fait ses \u00e9tudes au Conservatoire Royal de Musique \u00e0 Bruxelles et \u00e0 L&rsquo;IMEP \u00e0 Namur o\u00f9 elle a obtenu entre autres un dipl\u00f4me sup\u00e9rieur en sp\u00e9cialisation solf\u00e8ge et des &hellip;<\/p>\n","protected":false},"author":1,"featured_media":0,"parent":0,"menu_order":0,"comment_status":"closed","ping_status":"closed","template":"","meta":{"footnotes":""},"class_list":["post-265","page","type-page","status-publish","hentry"],"aioseo_notices":[],"_links":{"self":[{"href":"https:\/\/www.choralesimagine.be\/index.php\/wp-json\/wp\/v2\/pages\/265","targetHints":{"allow":["GET"]}}],"collection":[{"href":"https:\/\/www.choralesimagine.be\/index.php\/wp-json\/wp\/v2\/pages"}],"about":[{"href":"https:\/\/www.choralesimagine.be\/index.php\/wp-json\/wp\/v2\/types\/page"}],"author":[{"embeddable":true,"href":"https:\/\/www.choralesimagine.be\/index.php\/wp-json\/wp\/v2\/users\/1"}],"replies":[{"embeddable":true,"href":"https:\/\/www.choralesimagine.be\/index.php\/wp-json\/wp\/v2\/comments?post=265"}],"version-history":[{"count":15,"href":"https:\/\/www.choralesimagine.be\/index.php\/wp-json\/wp\/v2\/pages\/265\/revisions"}],"predecessor-version":[{"id":527,"href":"https:\/\/www.choralesimagine.be\/index.php\/wp-json\/wp\/v2\/pages\/265\/revisions\/527"}],"wp:attachment":[{"href":"https:\/\/www.choralesimagine.be\/index.php\/wp-json\/wp\/v2\/media?parent=265"}],"curies":[{"name":"wp","href":"https:\/\/api.w.org\/{rel}","templated":true}]}}