{"id":224,"date":"2019-01-03T21:57:09","date_gmt":"2019-01-03T20:57:09","guid":{"rendered":"http:\/\/www.choralesimagine.be\/?page_id=224"},"modified":"2025-11-05T21:57:44","modified_gmt":"2025-11-05T20:57:44","slug":"comite-commission-musicale","status":"publish","type":"page","link":"https:\/\/www.choralesimagine.be\/index.php\/comite-commission-musicale\/","title":{"rendered":"Comit\u00e9 \/ Commission musicale"},"content":{"rendered":"<section id=\"builder-section-text_11\" class=\"builder-section-first builder-section builder-section-text builder-section-last builder-text-columns-1\" style=\"background-size: cover; background-repeat: no-repeat;background-position: center center;\">\n<div class=\"builder-section-content\">\n<div class=\"builder-text-row\">\n<div class=\"builder-text-column builder-text-column-1\" id=\"builder-section-text_11-column-1\">\n<div class=\"builder-text-content\">\n<h3><big>Comit\u00e9 \/ Commission musicale<\/big><\/h3>\n<hr class=\"ttfmake-hr\" style=\"border-style: solid; border-top-width: 1px;\" \/>\n<h4>Le comit\u00e9<\/h4>\n<p><i><strong>Pr\u00e9sident:<\/strong><span class=\"Apple-converted-space\">\u00a0<\/span><\/i><i> <\/i>Joseph DEGRAUX<\/p>\n<p><strong><i>Secr\u00e9taire:<span class=\"Apple-converted-space\">\u00a0<\/span><\/i><\/strong> Delphine THOMAS<\/p>\n<p><strong><i>Tr\u00e9sorier:<\/i><i> <\/i><\/strong>Alain DUJEU<\/p>\n<p><strong><i>Membres:<\/i><\/strong><\/p>\n<ul>\n<li>Philippe LEFEBVRE<span class=\"Apple-converted-space\">\u00a0<\/span><\/li>\n<li>Simone BRIGODE<\/li>\n<li>Lucie ESTIEVENART<\/li>\n<li>Louise TOUSSAINT<\/li>\n<li>Marie-Agn\u00e8s WAVREILLE<\/li>\n<\/ul>\n<hr class=\"ttfmake-hr\" style=\"border-style: solid; border-top-width: 1px;\" \/>\n\t\t\t\t\t<\/div>\n<\/p><\/div>\n<\/p><\/div>\n<div class=\"builder-text-row\">\n<div class=\"builder-text-column builder-text-column-2\" id=\"builder-section-text_11-column-1\">\n<div class=\"builder-text-content\">\n<h4>La commission musicale<\/h4>\n<p><a href=\"http:\/\/www.choralesimagine.be\/index.php\/stephanie_guilmin\/\">St\u00e9phanie GUILMIN<\/a> (Cheffe)<\/p>\n<p>Pierre-Micha\u00ebl PAVONE (Pianiste)<\/p>\n<p>Philippe LEFEBVRE<\/p>\n<p>Joseph DEGRAUX<\/p>\n<p>Delphine THOMAS<\/p>\n<p>Nathalie STERNON<\/p>\n<\/p><\/div>\n<\/p><\/div>\n<\/p><\/div>\n<\/p><\/div>\n<\/section>\n","protected":false},"excerpt":{"rendered":"<p>Comit\u00e9 \/ Commission musicale Le comit\u00e9 Pr\u00e9sident:\u00a0 Joseph DEGRAUX Secr\u00e9taire:\u00a0 Delphine THOMAS Tr\u00e9sorier: Alain DUJEU Membres: Philippe LEFEBVRE\u00a0 Simone BRIGODE Lucie ESTIEVENART Louise TOUSSAINT Marie-Agn\u00e8s WAVREILLE La commission musicale St\u00e9phanie GUILMIN (Cheffe) Pierre-Micha\u00ebl PAVONE (Pianiste) Philippe LEFEBVRE Joseph DEGRAUX Delphine THOMAS Nathalie STERNON<\/p>\n","protected":false},"author":1,"featured_media":0,"parent":0,"menu_order":0,"comment_status":"closed","ping_status":"closed","template":"template-builder.php","meta":{"footnotes":""},"class_list":["post-224","page","type-page","status-publish","hentry"],"aioseo_notices":[],"_links":{"self":[{"href":"https:\/\/www.choralesimagine.be\/index.php\/wp-json\/wp\/v2\/pages\/224","targetHints":{"allow":["GET"]}}],"collection":[{"href":"https:\/\/www.choralesimagine.be\/index.php\/wp-json\/wp\/v2\/pages"}],"about":[{"href":"https:\/\/www.choralesimagine.be\/index.php\/wp-json\/wp\/v2\/types\/page"}],"author":[{"embeddable":true,"href":"https:\/\/www.choralesimagine.be\/index.php\/wp-json\/wp\/v2\/users\/1"}],"replies":[{"embeddable":true,"href":"https:\/\/www.choralesimagine.be\/index.php\/wp-json\/wp\/v2\/comments?post=224"}],"version-history":[{"count":23,"href":"https:\/\/www.choralesimagine.be\/index.php\/wp-json\/wp\/v2\/pages\/224\/revisions"}],"predecessor-version":[{"id":524,"href":"https:\/\/www.choralesimagine.be\/index.php\/wp-json\/wp\/v2\/pages\/224\/revisions\/524"}],"wp:attachment":[{"href":"https:\/\/www.choralesimagine.be\/index.php\/wp-json\/wp\/v2\/media?parent=224"}],"curies":[{"name":"wp","href":"https:\/\/api.w.org\/{rel}","templated":true}]}}