{"id":219,"date":"2019-01-03T21:39:27","date_gmt":"2019-01-03T20:39:27","guid":{"rendered":"http:\/\/www.choralesimagine.be\/?page_id=219"},"modified":"2019-01-03T22:37:24","modified_gmt":"2019-01-03T21:37:24","slug":"messe-de-mariage","status":"publish","type":"page","link":"https:\/\/www.choralesimagine.be\/index.php\/messe-de-mariage\/","title":{"rendered":"Messe de Mariage"},"content":{"rendered":"<section id=\"builder-section-text_11\" class=\"builder-section-first builder-section builder-section-text builder-section-last builder-text-columns-1\" style=\"background-size: cover; background-repeat: no-repeat;background-position: center center;\">\n<div class=\"builder-section-content\">\n<div class=\"builder-text-row\">\n<div class=\"builder-text-column builder-text-column-1\" id=\"builder-section-text_11-column-1\">\n<div class=\"builder-text-content\">\n<h3><big>Messe de Mariage<\/big><\/h3>\n<hr class=\"ttfmake-hr\" style=\"border-style: solid; border-top-width: 1px;\" \/>\n<p>Vous cherchez une chorale pour rehausser votre Messe de Mariage ? <a href=\"http:\/\/www.choralesimagine.be\/index.php\/contact-2\/\">Contactez-nous<\/a>.<\/p>\n<p>Voici quelques exemples de chants profanes extraits de notre r\u00e9pertoire de Messe de Mariage<\/p>\n<p>Cette liste n\u2019est pas exhaustive et suivant vos d\u00e9sid\u00e9ratas, nous pouvons adapter notre programme.<\/p>\n<ul>\n<li><i>You raise me up<\/i><\/li>\n<li><i>Les r\u00eaves sont en nous<span class=\"Apple-converted-space\">\u00a0<\/span><\/i><\/li>\n<li><i>La tendresse<\/i><\/li>\n<li><i>Ta ptite flamme<\/i><\/li>\n<li>&#8230;<\/li>\n<\/ul>\n<p><span class=\"Apple-converted-space\">\u00a0<\/span><\/p>\n<\/p><\/div>\n<\/p><\/div>\n<\/p><\/div>\n<\/p><\/div>\n<\/section>\n","protected":false},"excerpt":{"rendered":"<p>Messe de Mariage Vous cherchez une chorale pour rehausser votre Messe de Mariage ? Contactez-nous. Voici quelques exemples de chants profanes extraits de notre r\u00e9pertoire de Messe de Mariage Cette liste n\u2019est pas exhaustive et suivant vos d\u00e9sid\u00e9ratas, nous pouvons adapter notre programme. You raise me up Les r\u00eaves sont en nous\u00a0 La tendresse Ta &hellip;<\/p>\n","protected":false},"author":1,"featured_media":0,"parent":0,"menu_order":0,"comment_status":"closed","ping_status":"closed","template":"template-builder.php","meta":{"footnotes":""},"class_list":["post-219","page","type-page","status-publish","hentry"],"aioseo_notices":[],"_links":{"self":[{"href":"https:\/\/www.choralesimagine.be\/index.php\/wp-json\/wp\/v2\/pages\/219","targetHints":{"allow":["GET"]}}],"collection":[{"href":"https:\/\/www.choralesimagine.be\/index.php\/wp-json\/wp\/v2\/pages"}],"about":[{"href":"https:\/\/www.choralesimagine.be\/index.php\/wp-json\/wp\/v2\/types\/page"}],"author":[{"embeddable":true,"href":"https:\/\/www.choralesimagine.be\/index.php\/wp-json\/wp\/v2\/users\/1"}],"replies":[{"embeddable":true,"href":"https:\/\/www.choralesimagine.be\/index.php\/wp-json\/wp\/v2\/comments?post=219"}],"version-history":[{"count":6,"href":"https:\/\/www.choralesimagine.be\/index.php\/wp-json\/wp\/v2\/pages\/219\/revisions"}],"predecessor-version":[{"id":251,"href":"https:\/\/www.choralesimagine.be\/index.php\/wp-json\/wp\/v2\/pages\/219\/revisions\/251"}],"wp:attachment":[{"href":"https:\/\/www.choralesimagine.be\/index.php\/wp-json\/wp\/v2\/media?parent=219"}],"curies":[{"name":"wp","href":"https:\/\/api.w.org\/{rel}","templated":true}]}}