{"id":110,"date":"2016-04-12T20:29:50","date_gmt":"2016-04-12T19:29:50","guid":{"rendered":"http:\/\/www.choralesimagine.be\/?page_id=110"},"modified":"2016-04-12T20:54:05","modified_gmt":"2016-04-12T19:54:05","slug":"nos-principales-prestations","status":"publish","type":"page","link":"https:\/\/www.choralesimagine.be\/index.php\/nos-principales-prestations\/","title":{"rendered":"Nos principales prestations"},"content":{"rendered":"<h3><big>Nos principales prestations<\/big><\/h3>\n<hr class=\"ttfmake-hr\" style=\"border-style: solid; border-top-width: 1px;\" \/>\n\n<table id=\"tablepress-1\" class=\"tablepress tablepress-id-1\">\n<thead>\n<tr class=\"row-1\">\n\t<th class=\"column-1\">Date<\/th><th class=\"column-2\">Th\u00e9matique<\/th>\n<\/tr>\n<\/thead>\n<tbody class=\"row-striping\">\n<tr class=\"row-2\">\n\t<td class=\"column-1\">15-12-2024<\/td><td class=\"column-2\">Concert de No\u00ebl \u00e0 Mettet avec la participation du duo de violoncellistes \"Cellonnel\"<\/td>\n<\/tr>\n<tr class=\"row-3\">\n\t<td class=\"column-1\">16-12-2023<\/td><td class=\"column-2\">Concert de No\u00ebl \u00e0 Biesme avec la participation du groupe \"Snow Garden\"<\/td>\n<\/tr>\n<tr class=\"row-4\">\n\t<td class=\"column-1\">Juin 2023<\/td><td class=\"column-2\">Participation aux f\u00eates de la musique \u00e0 Mettet<\/td>\n<\/tr>\n<tr class=\"row-5\">\n\t<td class=\"column-1\">16-04-2023<\/td><td class=\"column-2\">Concert de printemps \u00e0 Biesmer\u00e9e avec la participation du groupe \"Blue Garden\"<\/td>\n<\/tr>\n<tr class=\"row-6\">\n\t<td class=\"column-1\">01-04-2023<\/td><td class=\"column-2\">Festival de chorales \u00e0 Aubange<\/td>\n<\/tr>\n<tr class=\"row-7\">\n\t<td class=\"column-1\">18-12-2022<\/td><td class=\"column-2\">Concert de No\u00ebl \u00e0 Biesme avec la chorale \"La Villanelle\" de Montigny-le-Tilleul<\/td>\n<\/tr>\n<tr class=\"row-8\">\n\t<td class=\"column-1\">02-07-2022<\/td><td class=\"column-2\">Festival de chorales Eglise de Spy<\/td>\n<\/tr>\n<tr class=\"row-9\">\n\t<td class=\"column-1\">Juin 2022<\/td><td class=\"column-2\">Participation aux f\u00eates de la musique \u00e0 Mettet<\/td>\n<\/tr>\n<tr class=\"row-10\">\n\t<td class=\"column-1\">21-12-2019<\/td><td class=\"column-2\">Concert de No\u00ebl avec la Fanfare Royale Sainte-C\u00e9cile de Mettet <\/td>\n<\/tr>\n<tr class=\"row-11\">\n\t<td class=\"column-1\">Juin 2019<\/td><td class=\"column-2\">Participation aux f\u00eates de la musique \u00e0 Mettet<\/td>\n<\/tr>\n<tr class=\"row-12\">\n\t<td class=\"column-1\">12-05-2019<\/td><td class=\"column-2\">Festival \"Choeurs en Sambre\" \u00e0 Velaine-sur-Sambre<\/td>\n<\/tr>\n<tr class=\"row-13\">\n\t<td class=\"column-1\">30-03-2019<\/td><td class=\"column-2\">\"Dansons et chantons\" avec la participation du groupe de danse polonaise \"Jasna Woda\" \u00e0 Biesme<\/td>\n<\/tr>\n<tr class=\"row-14\">\n\t<td class=\"column-1\">18-12-2018<\/td><td class=\"column-2\">Concert de No\u00ebl Eglise de Saint-G\u00e9rard<\/td>\n<\/tr>\n<tr class=\"row-15\">\n\t<td class=\"column-1\">14-12-2018<\/td><td class=\"column-2\">Concert de No\u00ebl Eglise de Fromi\u00e9e avec la chorale \"Chant'Ad\u00e8le\" de Fromi\u00e9e <\/td>\n<\/tr>\n<tr class=\"row-16\">\n\t<td class=\"column-1\">06-05-2017<\/td><td class=\"column-2\">Festival de chorales avec \"La Chacone\" (Anderlecht), \"Les Baladins\" (Fleurus) &amp; \"La Ritournelle\" (Tamines)<\/td>\n<\/tr>\n<tr class=\"row-17\">\n\t<td class=\"column-1\">09-10-2016<\/td><td class=\"column-2\">Festival interfolk  avec le groupe de danse polonaise <a href=\"http:\/\/www.jasnawoda.com\/\" target=\"_blank\" rel=\"noopener\">JASNA WODA<\/a> \u00e0 DOUAI<\/td>\n<\/tr>\n<tr class=\"row-18\">\n\t<td class=\"column-1\">25-09-2016<\/td><td class=\"column-2\">Participation au festival \"Namur en ch\u0153ur\"<\/td>\n<\/tr>\n<tr class=\"row-19\">\n\t<td class=\"column-1\">15-08-2016<\/td><td class=\"column-2\">Participation \u00e0 un d\u00e9fil\u00e9 chantant \u00e0 CAMBRAI<\/td>\n<\/tr>\n<tr class=\"row-20\">\n\t<td class=\"column-1\">23-04-2016<\/td><td class=\"column-2\">Participation au festival de chorales \u00e0 VELAINE SUR SAMBRE<\/td>\n<\/tr>\n<tr class=\"row-21\">\n\t<td class=\"column-1\">15-04-2016<\/td><td class=\"column-2\">Concert TELEVIE \u00e0 Beaumont (avec le groupe de danse polonaise <a href=\"http:\/\/www.jasnawoda.com\/\" target=\"_blank\" rel=\"noopener\">JASNA WODA<\/a>)<\/td>\n<\/tr>\n<tr class=\"row-22\">\n\t<td class=\"column-1\">2015 <\/td><td class=\"column-2\">Concert sur le th\u00e8me de la danse<\/td>\n<\/tr>\n<tr class=\"row-23\">\n\t<td class=\"column-1\">2014<\/td><td class=\"column-2\">Spectacle \"La Joconde\"<\/td>\n<\/tr>\n<tr class=\"row-24\">\n\t<td class=\"column-1\">2013<\/td><td class=\"column-2\">Concert dur le th\u00e8me \"Y\u2019a d\u2019la joie\" <\/td>\n<\/tr>\n<tr class=\"row-25\">\n\t<td class=\"column-1\">2011<\/td><td class=\"column-2\">Concert sur le th\u00e8me des com\u00e9dies musicales<\/td>\n<\/tr>\n<tr class=\"row-26\">\n\t<td class=\"column-1\">2010<\/td><td class=\"column-2\">Concert sur le th\u00e8me du cin\u00e9ma<\/td>\n<\/tr>\n<tr class=\"row-27\">\n\t<td class=\"column-1\">Avril 2003<\/td><td class=\"column-2\">Les saisons en chansons<\/td>\n<\/tr>\n<tr class=\"row-28\">\n\t<td class=\"column-1\">Mars 2002<\/td><td class=\"column-2\">De Bach \u00e0 B\u00e9caud<\/td>\n<\/tr>\n<\/tbody>\n<\/table>\n<!-- #tablepress-1 from cache -->\n<p style=\"text-align: left;\">\n","protected":false},"excerpt":{"rendered":"<p>Nos principales prestations<\/p>\n","protected":false},"author":1,"featured_media":0,"parent":0,"menu_order":0,"comment_status":"closed","ping_status":"closed","template":"","meta":{"footnotes":""},"class_list":["post-110","page","type-page","status-publish","hentry"],"aioseo_notices":[],"_links":{"self":[{"href":"https:\/\/www.choralesimagine.be\/index.php\/wp-json\/wp\/v2\/pages\/110","targetHints":{"allow":["GET"]}}],"collection":[{"href":"https:\/\/www.choralesimagine.be\/index.php\/wp-json\/wp\/v2\/pages"}],"about":[{"href":"https:\/\/www.choralesimagine.be\/index.php\/wp-json\/wp\/v2\/types\/page"}],"author":[{"embeddable":true,"href":"https:\/\/www.choralesimagine.be\/index.php\/wp-json\/wp\/v2\/users\/1"}],"replies":[{"embeddable":true,"href":"https:\/\/www.choralesimagine.be\/index.php\/wp-json\/wp\/v2\/comments?post=110"}],"version-history":[{"count":2,"href":"https:\/\/www.choralesimagine.be\/index.php\/wp-json\/wp\/v2\/pages\/110\/revisions"}],"predecessor-version":[{"id":114,"href":"https:\/\/www.choralesimagine.be\/index.php\/wp-json\/wp\/v2\/pages\/110\/revisions\/114"}],"wp:attachment":[{"href":"https:\/\/www.choralesimagine.be\/index.php\/wp-json\/wp\/v2\/media?parent=110"}],"curies":[{"name":"wp","href":"https:\/\/api.w.org\/{rel}","templated":true}]}}