{"id":102,"date":"2016-04-12T20:12:07","date_gmt":"2016-04-12T19:12:07","guid":{"rendered":"http:\/\/www.choralesimagine.be\/?page_id=102"},"modified":"2024-12-19T12:39:13","modified_gmt":"2024-12-19T11:39:13","slug":"imagine","status":"publish","type":"page","link":"https:\/\/www.choralesimagine.be\/index.php\/imagine\/","title":{"rendered":"Imagine"},"content":{"rendered":"<h3><big>Imagine<\/big><\/h3>\n<hr class=\"ttfmake-hr\" style=\"border-style: solid; border-top-width: 1px;\" \/>\n<p><b>L&rsquo;ensemble vocal Imagine<\/b> est<span class=\"Apple-converted-space\">\u00a0 <\/span>un choeur mixte d&rsquo;une trentaine de choristes de Mettet.<\/p>\n<p>Il est membre de la f\u00e9d\u00e9ration chorale \u00ab A C\u0153ur Joie Wallonie-Bruxelles \u00bb et la direction musicale du groupe est assur\u00e9e depuis 2022 par <a href=\"http:\/\/www.choralesimagine.be\/index.php\/stephanie_guilmin\/\">St\u00e9phanie Guilmin<\/a>.<\/p>\n<p>Le r\u00e9pertoire est assez \u00e9clectique, il est compos\u00e9 \u00e0 la fois de vari\u00e9t\u00e9 fran\u00e7aise (<strong><em>P. Rapsat, M. Berger,ERA, Juliette Armanet, Jean-Jacques Goldman..<\/em>.<\/strong>)\u00a0 et internationale, de musique classique et de gospel.<\/p>\n<p>Le groupe se caract\u00e9rise par un d\u00e9sir constant de s&rsquo;am\u00e9liorer et de pr\u00e9senter un r\u00e9pertoire original et vivant, interpr\u00e9t\u00e9 avec passion.<\/p>\n<p><strong>L&rsquo;ensemble vocal Imagine<\/strong> participe r\u00e9guli\u00e8rement \u00e0 des \u00e9changes inter-chorales. Par ailleurs, il a particip\u00e9 au festival \u00ab\u00a0Namur en Choeur\u00a0\u00bb organis\u00e9 en 2016, 2018 et 2022.<\/p>\n<p>Direction: <a href=\"http:\/\/www.choralesimagine.be\/index.php\/stephanie_guilmin\/\">St\u00e9phanie Guilmin<\/a><\/p>\n<p>Pianiste accompagnateur: Pierre-Micha\u00ebl Pavone<\/p>\n<figure id=\"attachment_338\" aria-describedby=\"caption-attachment-338\" style=\"width: 960px\" class=\"wp-caption aligncenter\"><img loading=\"lazy\" decoding=\"async\" class=\"wp-image-338 size-large\" src=\"http:\/\/www.choralesimagine.be\/wp-content\/uploads\/2024\/01\/Imagine_Avril-2023-1024x508.jpg\" alt=\"\" width=\"960\" height=\"476\" srcset=\"https:\/\/www.choralesimagine.be\/wp-content\/uploads\/2024\/01\/Imagine_Avril-2023-1024x508.jpg 1024w, https:\/\/www.choralesimagine.be\/wp-content\/uploads\/2024\/01\/Imagine_Avril-2023-300x149.jpg 300w, https:\/\/www.choralesimagine.be\/wp-content\/uploads\/2024\/01\/Imagine_Avril-2023-768x381.jpg 768w, https:\/\/www.choralesimagine.be\/wp-content\/uploads\/2024\/01\/Imagine_Avril-2023-1536x762.jpg 1536w, https:\/\/www.choralesimagine.be\/wp-content\/uploads\/2024\/01\/Imagine_Avril-2023.jpg 1632w\" sizes=\"auto, (max-width: 960px) 100vw, 960px\" \/><figcaption id=\"caption-attachment-338\" class=\"wp-caption-text\">Ensemble vocal Imagine Aubange Avril 2023<\/figcaption><\/figure>\n<p>Plus d&rsquo;infos sur les r\u00e9p\u00e9titions, c&rsquo;est par <a href=\"http:\/\/www.choralesimagine.be\/index.php\/repetitions\/\">ici<\/a> &#8230;<\/p>\n","protected":false},"excerpt":{"rendered":"<p>Imagine L&rsquo;ensemble vocal Imagine est\u00a0 un choeur mixte d&rsquo;une trentaine de choristes de Mettet. Il est membre de la f\u00e9d\u00e9ration chorale \u00ab A C\u0153ur Joie Wallonie-Bruxelles \u00bb et la direction musicale du groupe est assur\u00e9e depuis 2022 par St\u00e9phanie Guilmin. Le r\u00e9pertoire est assez \u00e9clectique, il est compos\u00e9 \u00e0 la fois de vari\u00e9t\u00e9 fran\u00e7aise (P. &hellip;<\/p>\n","protected":false},"author":1,"featured_media":0,"parent":0,"menu_order":0,"comment_status":"closed","ping_status":"closed","template":"","meta":{"footnotes":""},"class_list":["post-102","page","type-page","status-publish","hentry"],"aioseo_notices":[],"_links":{"self":[{"href":"https:\/\/www.choralesimagine.be\/index.php\/wp-json\/wp\/v2\/pages\/102","targetHints":{"allow":["GET"]}}],"collection":[{"href":"https:\/\/www.choralesimagine.be\/index.php\/wp-json\/wp\/v2\/pages"}],"about":[{"href":"https:\/\/www.choralesimagine.be\/index.php\/wp-json\/wp\/v2\/types\/page"}],"author":[{"embeddable":true,"href":"https:\/\/www.choralesimagine.be\/index.php\/wp-json\/wp\/v2\/users\/1"}],"replies":[{"embeddable":true,"href":"https:\/\/www.choralesimagine.be\/index.php\/wp-json\/wp\/v2\/comments?post=102"}],"version-history":[{"count":28,"href":"https:\/\/www.choralesimagine.be\/index.php\/wp-json\/wp\/v2\/pages\/102\/revisions"}],"predecessor-version":[{"id":477,"href":"https:\/\/www.choralesimagine.be\/index.php\/wp-json\/wp\/v2\/pages\/102\/revisions\/477"}],"wp:attachment":[{"href":"https:\/\/www.choralesimagine.be\/index.php\/wp-json\/wp\/v2\/media?parent=102"}],"curies":[{"name":"wp","href":"https:\/\/api.w.org\/{rel}","templated":true}]}}